{"id":1073,"date":"2024-01-15T14:53:37","date_gmt":"2024-01-15T13:53:37","guid":{"rendered":"https:\/\/www.speditionexpert.eu\/?page_id=1073"},"modified":"2024-01-15T15:10:17","modified_gmt":"2024-01-15T14:10:17","slug":"zasady-ochrany-osobnych-udajov","status":"publish","type":"page","link":"https:\/\/www.speditionexpert.eu\/en\/zasady-ochrany-osobnych-udajov\/","title":{"rendered":"Z\u00e1sady ochrany osobn\u00fdch \u00fadajov"},"content":{"rendered":"<h1 class=\"wp-block-heading\">Z\u00e1sady ochrany osobn\u00fdch \u00fadajov<\/h1>\n\n\n\n<ul class=\"wp-block-list\">\n<li><strong>k sprac\u00favaniu Va\u0161ich osobn\u00fdch \u00fadajov pristupujeme len z\u00e1konn\u00fdm sp\u00f4sobom, profesion\u00e1lne a citlivo<\/strong><\/li>\n\n\n\n<li><strong>Va\u0161e osobn\u00e9 \u00fadaje s\u00fa ulo\u017een\u00e9 v&nbsp;zabezpe\u010denom informa\u010dnom syst\u00e9me<\/strong><\/li>\n\n\n\n<li><strong>v\u0161etky osoby, ktor\u00e9 pr\u00eddu do styku s Va\u0161imi osobn\u00fdmi \u00fadajmi zo strany prev\u00e1dzkovate\u013ea, s\u00fa n\u00e1le\u017eite pou\u010den\u00e9 o z\u00e1konnom zaobch\u00e1dzan\u00ed s&nbsp;nimi a&nbsp;s\u00fa zaviazan\u00ed ml\u010danlivos\u0165ou<\/strong><\/li>\n\n\n\n<li><strong>z\u00edskavame od V\u00e1s iba tie \u00fadaje, ktor\u00e9 s\u00fa potrebn\u00e9 na splnenie \u00fa\u010delu, na z\u00e1klade ktor\u00e9ho ste n\u00e1s kontaktovali<\/strong><\/li>\n\n\n\n<li><strong>m\u00f4\u017eete n\u00e1s kedyko\u013evek po\u017eiada\u0165 o zmazanie&nbsp;hist\u00f3rie na\u0161ej e-mailovej komunik\u00e1cie, a to e-mailom, p\u00edsomne alebo osobne<\/strong><\/li>\n<\/ul>\n\n\n\n<p><strong>I.<\/strong><\/p>\n\n\n\n<p><strong>Prev\u00e1dzkovate\u013e internetovej str\u00e1nky www.speditionexpert.eu<\/strong><\/p>\n\n\n\n<p>Euro Invest PO sro<br>Volgogradska 13,<br>08001 Pre\u0161ov<br>Slovensko<br><br>ID: 46034889<br>VAT number: 2023229505<br>VAT number: SK2023229505<br><\/p>\n\n\n\n<ul class=\"wp-block-list\">\n<li>prev\u00e1dzkovate\u013e z\u00edskava osobn\u00e9 \u00fadaje prostredn\u00edctvom internetovej str\u00e1nky www.speditionexpert.eu\/<\/li>\n<\/ul>\n\n\n\n<p><strong>II.<\/strong><\/p>\n\n\n\n<p><strong>\u00da\u010del sprac\u00favania osobn\u00fdch \u00fadajov<\/strong><\/p>\n\n\n\n<ul class=\"wp-block-list\">\n<li>\u00fa\u010delom sprac\u00favania osobn\u00fdch \u00fadajov s\u00fa predzmluvn\u00e9 vz\u0165ahy<\/li>\n\n\n\n<li>\u00fa\u010delom sprac\u00favania osobn\u00fdch \u00fadajov je identifik\u00e1cia z\u00e1kazn\u00edkov<\/li>\n\n\n\n<li>\u00fa\u010delom sprac\u00favania osobn\u00fdch \u00fadajov je potvrdenie z\u00e1ujmu o&nbsp;slu\u017ebu alebo tovar, a to telefonicky alebo prostredn\u00edctvom elektronickej po\u0161ty<\/li>\n<\/ul>\n\n\n\n<p><strong>III.<\/strong><\/p>\n\n\n\n<p><strong>Zoznam sprac\u00favan\u00fdch osobn\u00fdch \u00fadajov<\/strong><\/p>\n\n\n\n<ul class=\"wp-block-list\">\n<li>prev\u00e1dzkovate\u013e sprac\u00fava Va\u0161e kontaktn\u00e9 \u00fadaje na \u00fa\u010dely predzmluvn\u00fdch vz\u0165ahov<\/li>\n\n\n\n<li>kontaktn\u00fdmi \u00fadajmi s\u00fa meno, priezvisko, telef\u00f3nne \u010d\u00edslo (na \u00fa\u010dely potvrdenia objedn\u00e1vky, komunik\u00e1ciu so z\u00e1kazn\u00edkom, doru\u010denia tovaru), e-mailov\u00e1 adresa (na \u00fa\u010dely zaslania potvrdenia objedn\u00e1vky a komunik\u00e1ciu so z\u00e1kazn\u00edkom)<\/li>\n<\/ul>\n\n\n\n<p><strong>IV.<\/strong><\/p>\n\n\n\n<p><strong>Dobrovo\u013enos\u0165 poskytnutia osobn\u00fdch \u00fadajov<\/strong><\/p>\n\n\n\n<ul class=\"wp-block-list\">\n<li>prev\u00e1dzkovate\u013e z\u00edskava len tie osobn\u00e9 \u00fadaje z\u00e1kazn\u00edkov, ktor\u00e9 s\u00fa potrebn\u00e9 na splnenie z\u00e1v\u00e4zkov, ktor\u00e9 od neho z\u00e1kazn\u00edk z\u00e1ujmom o&nbsp;slu\u017ebu alebo tovar o\u010dak\u00e1va<\/li>\n\n\n\n<li>prev\u00e1dzkovate\u013e z\u00edskava osobn\u00e9 \u00fadaje od z\u00e1kazn\u00edkov v rozsahu potrebnom na splnenie povinnost\u00ed vypl\u00fdvaj\u00facich zo zmluvy uzatvorenej medzi prev\u00e1dzkovate\u013eom a z\u00e1kazn\u00edkom&nbsp;<\/li>\n\n\n\n<li>prev\u00e1dzkovate\u013e sprac\u00fava osobn\u00e9 \u00fadaje dotknutej osoby len po dobu nevyhnutn\u00fa na splnenie \u00fa\u010delu vypl\u00fdvaj\u00faceho zo zmluvy a&nbsp;zo v\u0161eobecne z\u00e1v\u00e4zn\u00fdch pr\u00e1vnych predpisov<\/li>\n<\/ul>\n\n\n\n<p><strong>V.<\/strong><\/p>\n\n\n\n<p><strong>Zverejnenie \u00fadajov<\/strong><\/p>\n\n\n\n<ul class=\"wp-block-list\">\n<li>prev\u00e1dzkovate\u013e z\u00edskan\u00e9 osobn\u00e9 \u00fadaje z\u00e1kazn\u00edkov &#8211; fyzick\u00fdch os\u00f4b nezverej\u0148uje&nbsp;<\/li>\n<\/ul>\n\n\n\n<p><strong>VI.<\/strong><\/p>\n\n\n\n<p><strong>Podmienky sprac\u00favania<\/strong><\/p>\n\n\n\n<ul class=\"wp-block-list\">\n<li>prev\u00e1dzkovate\u013e prijal primeran\u00e9 technick\u00e9, organiza\u010dn\u00e9 a person\u00e1lne opatrenia zodpovedaj\u00face sp\u00f4sobu sprac\u00favania osobn\u00fdch \u00fadajov, pri\u010dom zobral do \u00favahy najm\u00e4 pou\u017eite\u013en\u00e9 technick\u00e9 prostriedky, d\u00f4vernos\u0165 a d\u00f4le\u017eitos\u0165 sprac\u00favan\u00fdch osobn\u00fdch \u00fadajov, ako aj rozsah mo\u017en\u00fdch riz\u00edk, ktor\u00e9 s\u00fa sp\u00f4sobil\u00e9 naru\u0161i\u0165 bezpe\u010dnos\u0165 alebo funk\u010dnos\u0165 jeho informa\u010dn\u00fdch syst\u00e9mov<\/li>\n\n\n\n<li>prev\u00e1dzkovate\u013e sa zav\u00e4zuje, \u017ee bude s osobn\u00fdmi \u00fadajmi dotknutej osoby zaobch\u00e1dza\u0165 a naklada\u0165 v s\u00falade s platn\u00fdmi pr\u00e1vnymi predpismi SR a&nbsp;predpismi E\u00da&nbsp;<\/li>\n\n\n\n<li>prev\u00e1dzkovate\u013e po splnen\u00ed \u00fa\u010delu sprac\u00favania zabezpe\u010d\u00ed bezodkladne likvid\u00e1ciu osobn\u00fdch \u00fadajov dotknutej osoby<\/li>\n<\/ul>\n\n\n\n<p><strong>VII.<\/strong><\/p>\n\n\n\n<p><strong>Pr\u00e1va a povinnosti dotknutej osoby<\/strong><\/p>\n\n\n\n<ul class=\"wp-block-list\">\n<li>z\u00e1kazn\u00edk prev\u00e1dzkovate\u013ea ako dotknut\u00e1 osoba je povinn\u00fd uvies\u0165 \u00fapln\u00e9 a pravdiv\u00e9 \u00fadaje<\/li>\n<\/ul>","protected":false},"excerpt":{"rendered":"<p>Z\u00e1sady ochrany osobn\u00fdch \u00fadajov I. Prev\u00e1dzkovate\u013e internetovej str\u00e1nky www.speditionexpert.eu Euro Invest PO s.r.o.Volgogradsk\u00e1 13,08001 Pre\u0161ovSlovensko I\u010cO: 46034889DI\u010c: 2023229505I\u010c DPH: SK2023229505 II. \u00da\u010del sprac\u00favania osobn\u00fdch \u00fadajov III. Zoznam sprac\u00favan\u00fdch osobn\u00fdch \u00fadajov IV. Dobrovo\u013enos\u0165 poskytnutia osobn\u00fdch \u00fadajov V. Zverejnenie \u00fadajov VI. Podmienky sprac\u00favania VII. Pr\u00e1va a povinnosti dotknutej osoby<\/p>","protected":false},"author":1,"featured_media":0,"parent":0,"menu_order":0,"comment_status":"closed","ping_status":"closed","template":"","meta":{"iawp_total_views":27,"footnotes":""},"class_list":["post-1073","page","type-page","status-publish","hentry"],"_links":{"self":[{"href":"https:\/\/www.speditionexpert.eu\/en\/wp-json\/wp\/v2\/pages\/1073","targetHints":{"allow":["GET"]}}],"collection":[{"href":"https:\/\/www.speditionexpert.eu\/en\/wp-json\/wp\/v2\/pages"}],"about":[{"href":"https:\/\/www.speditionexpert.eu\/en\/wp-json\/wp\/v2\/types\/page"}],"author":[{"embeddable":true,"href":"https:\/\/www.speditionexpert.eu\/en\/wp-json\/wp\/v2\/users\/1"}],"replies":[{"embeddable":true,"href":"https:\/\/www.speditionexpert.eu\/en\/wp-json\/wp\/v2\/comments?post=1073"}],"version-history":[{"count":5,"href":"https:\/\/www.speditionexpert.eu\/en\/wp-json\/wp\/v2\/pages\/1073\/revisions"}],"predecessor-version":[{"id":1080,"href":"https:\/\/www.speditionexpert.eu\/en\/wp-json\/wp\/v2\/pages\/1073\/revisions\/1080"}],"wp:attachment":[{"href":"https:\/\/www.speditionexpert.eu\/en\/wp-json\/wp\/v2\/media?parent=1073"}],"curies":[{"name":"wp","href":"https:\/\/api.w.org\/{rel}","templated":true}]}}